{"id":1489,"date":"2016-10-14T06:43:21","date_gmt":"2016-10-14T13:43:21","guid":{"rendered":"http:\/\/bethechoice.org\/?page_id=1489"},"modified":"2019-01-04T16:08:10","modified_gmt":"2019-01-05T00:08:10","slug":"decision-tree-faq","status":"publish","type":"page","link":"https:\/\/bethechoice.org\/fr\/decision-tree-faq\/","title":{"rendered":"L\u2019ARBRE DE D\u00c9CISION \u2013 FOIRE AUX QUESTIONS"},"content":{"rendered":"<p><strong>Quand l\u2019arbre de d\u00e9cision sera-t-il accessible?<\/strong><br \/>\nD\u00e8s maintenant! Nous sommes ravis de vous pr\u00e9senter cette version b\u00eata de l\u2019outil. Certaines modifications doivent encore \u00eatre apport\u00e9es avant notre lancement officiel pr\u00e9vu pour le 9\u00a0juin 2017, mais nous savons que les personnes atteintes d\u2019un cancer ont besoin d\u2019information tout de suite. Vous pouvez nous aider \u00e0 am\u00e9liorer l\u2019outil plus rapidement en faisant un <a href=\"http:\/\/bethechoice.org\/donate\/\">don<\/a>. Nous aimerions \u00e9galement recevoir vos commentaires \u00e0 propos de l\u2019outil. N\u2019h\u00e9sitez pas \u00e0 nous dire ce qui, selon vous, devrait \u00eatre modifi\u00e9 ou am\u00e9lior\u00e9.<\/p>\n<p><strong>L\u2019outil fournit-il des renseignements m\u00e9dicaux fiables?<\/strong><br \/>\nOui. Nous avons pris grand soin d\u2019assembler une fabuleuse \u00e9quipe d\u2019experts en chirurgie, en oncologie (cancer) et en chirurgie plastique pour nous aider \u00e0 bien faire les choses. Nos conseillers professionnels de la sant\u00e9 ont soigneusement pass\u00e9 en revue tout le contenu de l\u2019arbre de d\u00e9cision pour s\u2019assurer que l\u2019information sur les traitements est bien exacte et \u00e0 jour.<\/p>\n<p><strong>Qu\u2019est-ce qu\u2019un arbre de d\u00e9cision?<\/strong><br \/>\nIl s\u2019agit d\u2019un moyen de visualiser les diff\u00e9rentes options de traitement et les d\u00e9cisions importantes que vous aurez \u00e0 prendre tout au long de la maladie, du diagnostic \u00e0 la fin du traitement.<\/p>\n<p><strong>Cet outil me dira-t-il quelle d\u00e9cision prendre?<\/strong><br \/>\nNon. Cet outil a \u00e9t\u00e9 con\u00e7u pour vous aider \u00e0 mieux explorer et comprendre les diff\u00e9rentes options de traitement. Nous ne vous dirons pas quelle d\u00e9cision prendre parce que nous croyons que c\u2019est quelque chose que tous(tes) les patient(e)s doivent faire en consultation avec leur \u00e9quipe de soins de sant\u00e9.<\/p>\n<p><strong>Je souhaite appuyer la cause. Que puis-je faire?<\/strong><br \/>\nNous vous remercions de votre int\u00e9r\u00eat! Il y a diff\u00e9rentes mani\u00e8res d\u2019appuyer ce projet\u00a0:<\/p>\n<ul>\n<li>D\u2019abord, parcourez l\u2019outil et faites-nous part de vos commentaires.<\/li>\n<li><a href=\"http:\/\/bethechoice.org\/donate\/\">Faites un don.<\/a><\/li>\n<li>Abonnez-vous \u00e0 notre\u00a0<a href=\"http:\/\/bethechoice.org\/newsletter-sign-up\/\">bulletin<\/a>. Nous ne vendrons pas vos renseignements \u00e0 un tiers ou \u00e0 une autre entreprise. C\u2019est promis.<\/li>\n<li>Devenez b\u00e9n\u00e9vole (\u00e9crivez-nous \u00e0 l\u2019adresse\u00a0<a href=\"mailto:superfolks@bethechoice.org\">superfolks@bethechoice.org<\/a>).<\/li>\n<li>Si vous \u00eates un professionnel de la sant\u00e9 ou si vous voulez nous offrir votre aide, veuillez nous \u00e9crire \u00e0 l\u2019adresse <a href=\"mailto:superfolks@bethechoice.org\">superfolks@bethechoice.org<\/a>. Nous serons heureux de vous lire.<\/li>\n<\/ul>\n<p><strong>Je veux faire un don ou je l\u2019ai d\u00e9j\u00e0 fait. \u00c0 quoi servira mon argent?<\/strong><br \/>\nLes fonds amass\u00e9s sont directement affect\u00e9s \u00e0 la cr\u00e9ation de l\u2019arbre de d\u00e9cision et \u00e0 son am\u00e9lioration. Comme les membres du conseil, les experts et les autres collaborateurs travaillent b\u00e9n\u00e9volement pour Be the Choice, nous pouvons consacrer toutes nos ressources financi\u00e8res au perfectionnement de l\u2019arbre de d\u00e9cision, au grand b\u00e9n\u00e9fice de nos utilisateurs.<\/p>\n<p><strong>Il s\u2019agit bien d\u2019un site canadien?<\/strong><br \/>\nOui. Be the Choice a \u00e9t\u00e9 cr\u00e9\u00e9 \u00e0 Ottawa, mais les membres de la direction, les experts et les b\u00e9n\u00e9voles viennent de partout dans le monde.<\/p>\n<p><strong>Je ne vis pas au Canada. Est-ce que l\u2019information fournie sur le site Web s\u2019applique \u00e0 moi?<\/strong><br \/>\nC\u2019est une bonne question. Il est vrai que les traitements offerts peuvent varier d\u2019un pays \u00e0 l\u2019autre, ou m\u00eame d\u2019une r\u00e9gion \u00e0 l\u2019autre. Nous avons tent\u00e9 de d\u00e9finir les parcours de traitement g\u00e9n\u00e9raux auxquels les personnes atteintes d\u2019un cancer du sein peuvent raisonnablement s\u2019attendre, peu importe o\u00f9 elles vivent.<\/p>\n<p><strong>Je ne comprends pas certains des termes utilis\u00e9s. Que dois-je faire?<\/strong><br \/>\nNous avons essay\u00e9 d\u2019offrir le contenu le plus convivial possible. Si nous avons oubli\u00e9 de d\u00e9finir un terme, \u00e9crivez-nous \u00e0 l\u2019adresse <a href=\"mailto:superfolks@bethechoice.org\">superfolks@bethechoice.org<\/a>\u00a0et nous nous ferons un plaisir de r\u00e9pondre \u00e0 vos questions. Vos commentaires sont importants pour nous.<\/p>\n<p><strong>\u00c0 qui dois-je m\u2019adresser si j\u2019ai des questions?<\/strong><br \/>\n\u00c9crivez-nous \u00e0 l\u2019adresse <a href=\"mailto:superfolks@bethechoice.org\">superfolks@bethechoice.org<\/a>\u00a0et l\u2019un des membres de notre \u00e9quipe se fera un plaisir de vous r\u00e9pondre.<\/p>\n<p><strong>Voulez-vous \u00eatre tenu au courant de nos activit\u00e9s?<\/strong><br \/>\nAbonnez-vous \u00e0 notre\u00a0<a href=\"http:\/\/bethechoice.org\/newsletter-sign-up\/\">bulletin<\/a>\u00a0et nous vous ferons part de nos progr\u00e8s. Nous prenons la protection de vos renseignements personnels tr\u00e8s au s\u00e9rieux et nous ne les vendrons \u00e0 personne. C\u2019est une promesse!<\/p>\n","protected":false},"excerpt":{"rendered":"<p>Quand l\u2019arbre de d\u00e9cision sera-t-il accessible? D\u00e8s maintenant! Nous sommes ravis de vous pr\u00e9senter cette version b\u00eata de l\u2019outil. Certaines modifications doivent encore \u00eatre apport\u00e9es avant notre lancement officiel pr\u00e9vu pour le 9\u00a0juin 2017, mais nous savons que les personnes atteintes d\u2019un cancer ont besoin d\u2019information tout de suite. Vous pouvez nous aider \u00e0 am\u00e9liorer [&hellip;]<\/p>\n","protected":false},"author":2,"featured_media":0,"parent":0,"menu_order":5,"comment_status":"closed","ping_status":"closed","template":"","meta":{"footnotes":""},"class_list":["post-1489","page","type-page","status-publish","hentry"],"acf":[],"_links":{"self":[{"href":"https:\/\/bethechoice.org\/fr\/wp-json\/wp\/v2\/pages\/1489","targetHints":{"allow":["GET"]}}],"collection":[{"href":"https:\/\/bethechoice.org\/fr\/wp-json\/wp\/v2\/pages"}],"about":[{"href":"https:\/\/bethechoice.org\/fr\/wp-json\/wp\/v2\/types\/page"}],"author":[{"embeddable":true,"href":"https:\/\/bethechoice.org\/fr\/wp-json\/wp\/v2\/users\/2"}],"replies":[{"embeddable":true,"href":"https:\/\/bethechoice.org\/fr\/wp-json\/wp\/v2\/comments?post=1489"}],"version-history":[{"count":2,"href":"https:\/\/bethechoice.org\/fr\/wp-json\/wp\/v2\/pages\/1489\/revisions"}],"predecessor-version":[{"id":1836,"href":"https:\/\/bethechoice.org\/fr\/wp-json\/wp\/v2\/pages\/1489\/revisions\/1836"}],"wp:attachment":[{"href":"https:\/\/bethechoice.org\/fr\/wp-json\/wp\/v2\/media?parent=1489"}],"curies":[{"name":"wp","href":"https:\/\/api.w.org\/{rel}","templated":true}]}}