{"id":859,"date":"2015-10-21T14:01:37","date_gmt":"2015-10-21T14:01:37","guid":{"rendered":"http:\/\/bethechoice.org\/wpfiles\/?page_id=859"},"modified":"2021-03-20T18:15:25","modified_gmt":"2021-03-21T01:15:25","slug":"donate","status":"publish","type":"page","link":"https:\/\/bethechoice.org\/fr\/donate\/","title":{"rendered":"Donnez"},"content":{"rendered":"<p class=\"p1\"><span class=\"s1\">Notre site Web est gratuit pour les patient(e)s et leurs proches, mais nos d\u00e9veloppeurs de logiciels doivent aussi gagner leur vie. Les dons faits \u00e0 Be the Choice servent au d\u00e9veloppement de l\u2019arbre de d\u00e9cision et \u00e0 l\u2019am\u00e9lioration de sa performance. Comme le conseil d\u2019administration, les sp\u00e9cialistes et les autres collaborateurs de Be the Choice font don de leur temps, nous pouvons utiliser la majorit\u00e9 de nos ressources financi\u00e8res afin de perfectionner l\u2019arbre de d\u00e9cision, et ce, au b\u00e9n\u00e9fice de nos utilisateurs.<\/span><\/p>\n<script type=\"text\/javascript\">var gform;gform||(document.addEventListener(\"gform_main_scripts_loaded\",function(){gform.scriptsLoaded=!0}),window.addEventListener(\"DOMContentLoaded\",function(){gform.domLoaded=!0}),gform={domLoaded:!1,scriptsLoaded:!1,initializeOnLoaded:function(o){gform.domLoaded&&gform.scriptsLoaded?o():!gform.domLoaded&&gform.scriptsLoaded?window.addEventListener(\"DOMContentLoaded\",o):document.addEventListener(\"gform_main_scripts_loaded\",o)},hooks:{action:{},filter:{}},addAction:function(o,n,r,t){gform.addHook(\"action\",o,n,r,t)},addFilter:function(o,n,r,t){gform.addHook(\"filter\",o,n,r,t)},doAction:function(o){gform.doHook(\"action\",o,arguments)},applyFilters:function(o){return gform.doHook(\"filter\",o,arguments)},removeAction:function(o,n){gform.removeHook(\"action\",o,n)},removeFilter:function(o,n,r){gform.removeHook(\"filter\",o,n,r)},addHook:function(o,n,r,t,i){null==gform.hooks[o][n]&&(gform.hooks[o][n]=[]);var e=gform.hooks[o][n];null==i&&(i=n+\"_\"+e.length),gform.hooks[o][n].push({tag:i,callable:r,priority:t=null==t?10:t})},doHook:function(n,o,r){var t;if(r=Array.prototype.slice.call(r,1),null!=gform.hooks[n][o]&&((o=gform.hooks[n][o]).sort(function(o,n){return o.priority-n.priority}),o.forEach(function(o){\"function\"!=typeof(t=o.callable)&&(t=window[t]),\"action\"==n?t.apply(null,r):r[0]=t.apply(null,r)})),\"filter\"==n)return r[0]},removeHook:function(o,n,t,i){var r;null!=gform.hooks[o][n]&&(r=(r=gform.hooks[o][n]).filter(function(o,n,r){return!!(null!=i&&i!=o.tag||null!=t&&t!=o.priority)}),gform.hooks[o][n]=r)}});<\/script>\n                <div class='gf_browser_gecko gform_wrapper gform_legacy_markup_wrapper' id='gform_wrapper_1' ><form method='post' enctype='multipart\/form-data'  id='gform_1'  action='\/fr\/wp-json\/wp\/v2\/pages\/859' novalidate>\n                        <div class='gform_body gform-body'><ul id='gform_fields_1' class='gform_fields top_label form_sublabel_below description_below'><li id=\"field_1_1\"  class=\"gfield gfield_contains_required field_sublabel_below field_description_below gfield_visibility_visible\"  data-js-reload=\"field_1_1\"><label class='gfield_label gfield_label_before_complex'  >Your Name<span class=\"gfield_required\"><span class=\"gfield_required gfield_required_asterisk\">*<\/span><\/span><\/label><div class='ginput_complex ginput_container no_prefix has_first_name no_middle_name has_last_name no_suffix gf_name_has_2 ginput_container_name' id='input_1_1'>\n                            <span id='input_1_1_3_container' class='name_first' >\n                                                    <input type='text' name='input_1.3' id='input_1_1_3' value=''   aria-required='true'    {\/>\n                                                    <label for='input_1_1_3' >Pr\u00e9nom<\/label>\n                                               <\/span>\n                            <span id='input_1_1_6_container' class='name_last' >\n                                                    <input type='text' name='input_1.6' id='input_1_1_6' value=''   aria-required='true'    \/>\n                                                    <label for='input_1_1_6' >Nom<\/label>\n                                                <\/span>\n                            <div class='gf_clear gf_clear_complex'><\/div>\n                        <\/div><\/li><li id=\"field_1_4\"  class=\"gfield gfield_contains_required field_sublabel_below field_description_below gfield_visibility_visible\"  data-js-reload=\"field_1_4\"><label class='gfield_label'  >Your email<span class=\"gfield_required\"><span class=\"gfield_required gfield_required_asterisk\">*<\/span><\/span><\/label><div class='ginput_complex ginput_container ginput_container_email' id='input_1_4_container'>\n                                <span id='input_1_4_1_container' class='ginput_left'>\n                                    <input class='' type='email' name='input_4' id='input_1_4' value=''    aria-required=\"true\" aria-invalid=\"false\" aria-describedby=\"gfield_description_1_4\" \/>\n                                    <label for='input_1_4' >Saisissez une adresse courriel<\/label>\n                                <\/span>\n                                <span id='input_1_4_2_container' class='ginput_right'>\n                                    <input class='' type='email' name='input_4_2' id='input_1_4_2' value=''    aria-required=\"true\" aria-invalid=\"false\" aria-describedby=\"gfield_description_1_4\" \/>\n                                    <label for='input_1_4_2' >Confirmez l\u2019adresse courriel<\/label>\n                                <\/span>\n                                <div class='gf_clear gf_clear_complex'><\/div>\n                            <\/div><div class='gfield_description' id='gfield_description_1_4'>We'll use this email to confirm your donation.<\/div><\/li><li id=\"field_1_9\"  class=\"gfield gfield_price gfield_price_1_9 gfield_product_1_9 gfield_contains_required field_sublabel_below field_description_below gfield_visibility_visible\"  data-js-reload=\"field_1_9\"><label class='gfield_label' for='input_1_9' >Amount of donation ($CAD):<span class=\"gfield_required\"><span class=\"gfield_required gfield_required_asterisk\">*<\/span><\/span><\/label><div class='ginput_container ginput_container_product_price'>\n\t\t\t\t\t<input name='input_9' id='input_1_9' type='text' value='' class='medium ginput_amount'   aria-required=\"true\" aria-invalid=\"false\" aria-describedby=\"gfield_description_1_9\" \/>\n\t\t\t\t<\/div><div class='gfield_description' id='gfield_description_1_9'>When you click \"donate\" you will be directed to PayPal to complete the payment.<\/div><\/li><li id=\"field_1_15\"  class=\"gfield field_sublabel_below field_description_below gfield_visibility_visible\"  data-js-reload=\"field_1_15\"><label class='gfield_label gfield_label_before_complex'  >Mailing List<\/label><div class='ginput_container ginput_container_checkbox'><ul class='gfield_checkbox' id='input_1_15'><li class='gchoice gchoice_1_15_1'>\n\t\t\t\t\t\t\t\t<input class='gfield-choice-input' name='input_15.1' type='checkbox'  value='Yes, sign me up!' checked='checked' id='choice_1_15_1'   \/>\n\t\t\t\t\t\t\t\t<label for='choice_1_15_1' id='label_1_15_1'>Yes, sign me up!<\/label>\n\t\t\t\t\t\t\t<\/li><\/ul><\/div><\/li><li id=\"field_1_14\"  class=\"gfield gform_hidden field_sublabel_below field_description_below gfield_visibility_visible\"  data-js-reload=\"field_1_14\"><div class='ginput_container ginput_container_text'><input name='input_14' id='input_1_14' type='hidden' class='gform_hidden'  aria-invalid=\"false\" value='' \/><\/div><\/li><li id=\"field_1_16\"  class=\"gfield gform_validation_container field_sublabel_below field_description_below gfield_visibility_visible\"  data-js-reload=\"field_1_16\"><label class='gfield_label' for='input_1_16' >Comments<\/label><div class='ginput_container'><input name='input_16' id='input_1_16' type='text' value='' autocomplete='new-password'\/><\/div><div class='gfield_description' id='gfield_description_1_16'>Ce champ n\u2019est utilis\u00e9 qu\u2019\u00e0 des fins de validation et devrait rester inchang\u00e9.<\/div><\/li><\/ul><\/div>\n        <div class='gform_footer top_label'> <input type='submit' id='gform_submit_button_1' class='gform_button button' value='Donate!'  onclick='if(window[\"gf_submitting_1\"]){return false;}  if( !jQuery(\"#gform_1\")[0].checkValidity || jQuery(\"#gform_1\")[0].checkValidity()){window[\"gf_submitting_1\"]=true;}  ' onkeypress='if( event.keyCode == 13 ){ if(window[\"gf_submitting_1\"]){return false;} if( !jQuery(\"#gform_1\")[0].checkValidity || jQuery(\"#gform_1\")[0].checkValidity()){window[\"gf_submitting_1\"]=true;}  jQuery(\"#gform_1\").trigger(\"submit\",[true]); }' \/> \n            <input type='hidden' class='gform_hidden' name='is_submit_1' value='1' \/>\n            <input type='hidden' class='gform_hidden' name='gform_submit' value='1' \/>\n            \n            <input type='hidden' class='gform_hidden' name='gform_unique_id' value='' \/>\n            <input type='hidden' class='gform_hidden' name='state_1' value='WyJbXSIsIjIxNzQ4MjlmOTc3MmI4MjdhMjYzZjhlYzdlOGFjZmY0Il0=' \/>\n            <input type='hidden' class='gform_hidden' name='gform_target_page_number_1' id='gform_target_page_number_1' value='0' \/>\n            <input type='hidden' class='gform_hidden' name='gform_source_page_number_1' id='gform_source_page_number_1' value='1' \/>\n            <input type='hidden' name='gform_field_values' value='' \/>\n            \n        <\/div>\n                        <\/form>\n                        <\/div>\n","protected":false},"excerpt":{"rendered":"<p>Notre site Web est gratuit pour les patient(e)s et leurs proches, mais nos d\u00e9veloppeurs de logiciels doivent aussi gagner leur vie. Les dons faits \u00e0 Be the Choice servent au d\u00e9veloppement de l\u2019arbre de d\u00e9cision et \u00e0 l\u2019am\u00e9lioration de sa performance. Comme le conseil d\u2019administration, les sp\u00e9cialistes et les autres collaborateurs de Be the Choice [&hellip;]<\/p>\n","protected":false},"author":2,"featured_media":0,"parent":0,"menu_order":14,"comment_status":"closed","ping_status":"closed","template":"","meta":{"footnotes":""},"class_list":["post-859","page","type-page","status-publish","hentry"],"acf":[],"_links":{"self":[{"href":"https:\/\/bethechoice.org\/fr\/wp-json\/wp\/v2\/pages\/859","targetHints":{"allow":["GET"]}}],"collection":[{"href":"https:\/\/bethechoice.org\/fr\/wp-json\/wp\/v2\/pages"}],"about":[{"href":"https:\/\/bethechoice.org\/fr\/wp-json\/wp\/v2\/types\/page"}],"author":[{"embeddable":true,"href":"https:\/\/bethechoice.org\/fr\/wp-json\/wp\/v2\/users\/2"}],"replies":[{"embeddable":true,"href":"https:\/\/bethechoice.org\/fr\/wp-json\/wp\/v2\/comments?post=859"}],"version-history":[{"count":1,"href":"https:\/\/bethechoice.org\/fr\/wp-json\/wp\/v2\/pages\/859\/revisions"}],"predecessor-version":[{"id":2109,"href":"https:\/\/bethechoice.org\/fr\/wp-json\/wp\/v2\/pages\/859\/revisions\/2109"}],"wp:attachment":[{"href":"https:\/\/bethechoice.org\/fr\/wp-json\/wp\/v2\/media?parent=859"}],"curies":[{"name":"wp","href":"https:\/\/api.w.org\/{rel}","templated":true}]}}